{"id":15,"date":"2026-04-14T10:28:46","date_gmt":"2026-04-14T08:28:46","guid":{"rendered":"https:\/\/vitaempfehlung.de\/?page_id=15"},"modified":"2026-04-14T10:30:24","modified_gmt":"2026-04-14T08:30:24","slug":"impressum","status":"publish","type":"page","link":"https:\/\/vitaempfehlung.de\/index.php\/impressum\/","title":{"rendered":"Impressum"},"content":{"rendered":"<h1>Impressum<\/h1>\n<p>Angaben gem\u00e4\u00df \u00a7 5 TMG:<\/p>\n<p>[Ihr Firmenname]<br \/>\n[Ihre Adresse]<\/p>\n<p>Vertreten durch:<br \/>\n[Name des Gesch\u00e4ftsf\u00fchrers]<\/p>\n<p>Kontakt:<br \/>\nTelefon: [Ihre Telefonnummer]<br \/>\nE-Mail: [Ihre E-Mail-Adresse]<\/p>\n<h2>Haftung f\u00fcr Inhalte<\/h2>\n<p>Als Diensteanbieter sind wir f\u00fcr eigene Inhalte auf diesen Seiten verantwortlich. Wir sind jedoch nicht verpflichtet, \u00fcbermittelte oder gespeicherte fremde Informationen zu \u00fcberwachen.<\/p>\n<h2>Haftung f\u00fcr Links<\/h2>\n<p>Unsere Website enth\u00e4lt Links zu externen Websites Dritter, auf deren Inhalte wir keinen Einfluss haben.<\/p>\n<h2>Urheberrecht<\/h2>\n<p>Die durch die Seitenbetreiber erstellten Inhalte unterliegen dem deutschen Urheberrecht.<\/p>\n<h2>Streitbeilegung<\/h2>\n<p>Die Europ\u00e4ische Kommission stellt eine Plattform zur Online-Streitbeilegung bereit:<br \/>\n<a href=\"https:\/\/ec.europa.eu\/consumers\/odr\/\">https:\/\/ec.europa.eu\/consumers\/odr\/<\/a><\/p>\n","protected":false},"excerpt":{"rendered":"<p>Impressum Angaben gem\u00e4\u00df \u00a7 5 TMG: [Ihr Firmenname] [Ihre Adresse] Vertreten durch: [Name des Gesch\u00e4ftsf\u00fchrers] Kontakt: Telefon: [Ihre Telefonnummer] E-Mail: [Ihre E-Mail-Adresse] Haftung f\u00fcr Inhalte Als Diensteanbieter sind wir f\u00fcr eigene Inhalte auf diesen Seiten verantwortlich. Wir sind jedoch nicht verpflichtet, \u00fcbermittelte oder gespeicherte fremde Informationen zu \u00fcberwachen. Haftung f\u00fcr Links Unsere Website enth\u00e4lt Links [&hellip;]<\/p>\n","protected":false},"author":1,"featured_media":0,"parent":0,"menu_order":0,"comment_status":"closed","ping_status":"closed","template":"","meta":{"_acf_changed":false,"footnotes":""},"class_list":["post-15","page","type-page","status-publish","hentry"],"acf":[],"yoast_head":"<!-- This site is optimized with the Yoast SEO plugin v27.4 - https:\/\/yoast.com\/product\/yoast-seo-wordpress\/ -->\n<title>Impressum - Vita Empfehlung<\/title>\n<meta name=\"robots\" content=\"index, follow, max-snippet:-1, max-image-preview:large, max-video-preview:-1\" \/>\n<link rel=\"canonical\" href=\"https:\/\/vitaempfehlung.de\/index.php\/impressum\/\" \/>\n<meta property=\"og:locale\" content=\"de_DE\" \/>\n<meta property=\"og:type\" content=\"article\" \/>\n<meta property=\"og:title\" content=\"Impressum - Vita Empfehlung\" \/>\n<meta property=\"og:description\" content=\"Impressum Angaben gem\u00e4\u00df \u00a7 5 TMG: [Ihr Firmenname] [Ihre Adresse] Vertreten durch: [Name des Gesch\u00e4ftsf\u00fchrers] Kontakt: Telefon: [Ihre Telefonnummer] E-Mail: [Ihre E-Mail-Adresse] Haftung f\u00fcr Inhalte Als Diensteanbieter sind wir f\u00fcr eigene Inhalte auf diesen Seiten verantwortlich. Wir sind jedoch nicht verpflichtet, \u00fcbermittelte oder gespeicherte fremde Informationen zu \u00fcberwachen. Haftung f\u00fcr Links Unsere Website enth\u00e4lt Links [&hellip;]\" \/>\n<meta property=\"og:url\" content=\"https:\/\/vitaempfehlung.de\/index.php\/impressum\/\" \/>\n<meta property=\"og:site_name\" content=\"Vita Empfehlung\" \/>\n<meta property=\"article:modified_time\" content=\"2026-04-14T08:30:24+00:00\" \/>\n<meta name=\"twitter:card\" content=\"summary_large_image\" \/>\n<meta name=\"twitter:label1\" content=\"Gesch\u00e4tzte Lesezeit\" \/>\n\t<meta name=\"twitter:data1\" content=\"1\u00a0Minute\" \/>\n<script type=\"application\/ld+json\" class=\"yoast-schema-graph\">{\"@context\":\"https:\\\/\\\/schema.org\",\"@graph\":[{\"@type\":\"WebPage\",\"@id\":\"https:\\\/\\\/vitaempfehlung.de\\\/index.php\\\/impressum\\\/\",\"url\":\"https:\\\/\\\/vitaempfehlung.de\\\/index.php\\\/impressum\\\/\",\"name\":\"Impressum - Vita Empfehlung\",\"isPartOf\":{\"@id\":\"https:\\\/\\\/vitaempfehlung.de\\\/#website\"},\"datePublished\":\"2026-04-14T08:28:46+00:00\",\"dateModified\":\"2026-04-14T08:30:24+00:00\",\"breadcrumb\":{\"@id\":\"https:\\\/\\\/vitaempfehlung.de\\\/index.php\\\/impressum\\\/#breadcrumb\"},\"inLanguage\":\"de\",\"potentialAction\":[{\"@type\":\"ReadAction\",\"target\":[\"https:\\\/\\\/vitaempfehlung.de\\\/index.php\\\/impressum\\\/\"]}]},{\"@type\":\"BreadcrumbList\",\"@id\":\"https:\\\/\\\/vitaempfehlung.de\\\/index.php\\\/impressum\\\/#breadcrumb\",\"itemListElement\":[{\"@type\":\"ListItem\",\"position\":1,\"name\":\"Home\",\"item\":\"https:\\\/\\\/vitaempfehlung.de\\\/\"},{\"@type\":\"ListItem\",\"position\":2,\"name\":\"Impressum\"}]},{\"@type\":\"WebSite\",\"@id\":\"https:\\\/\\\/vitaempfehlung.de\\\/#website\",\"url\":\"https:\\\/\\\/vitaempfehlung.de\\\/\",\"name\":\"Vita Empfehlung\",\"description\":\"\",\"potentialAction\":[{\"@type\":\"SearchAction\",\"target\":{\"@type\":\"EntryPoint\",\"urlTemplate\":\"https:\\\/\\\/vitaempfehlung.de\\\/?s={search_term_string}\"},\"query-input\":{\"@type\":\"PropertyValueSpecification\",\"valueRequired\":true,\"valueName\":\"search_term_string\"}}],\"inLanguage\":\"de\"}]}<\/script>\n<!-- \/ Yoast SEO plugin. -->","yoast_head_json":{"title":"Impressum - Vita Empfehlung","robots":{"index":"index","follow":"follow","max-snippet":"max-snippet:-1","max-image-preview":"max-image-preview:large","max-video-preview":"max-video-preview:-1"},"canonical":"https:\/\/vitaempfehlung.de\/index.php\/impressum\/","og_locale":"de_DE","og_type":"article","og_title":"Impressum - Vita Empfehlung","og_description":"Impressum Angaben gem\u00e4\u00df \u00a7 5 TMG: [Ihr Firmenname] [Ihre Adresse] Vertreten durch: [Name des Gesch\u00e4ftsf\u00fchrers] Kontakt: Telefon: [Ihre Telefonnummer] E-Mail: [Ihre E-Mail-Adresse] Haftung f\u00fcr Inhalte Als Diensteanbieter sind wir f\u00fcr eigene Inhalte auf diesen Seiten verantwortlich. Wir sind jedoch nicht verpflichtet, \u00fcbermittelte oder gespeicherte fremde Informationen zu \u00fcberwachen. Haftung f\u00fcr Links Unsere Website enth\u00e4lt Links [&hellip;]","og_url":"https:\/\/vitaempfehlung.de\/index.php\/impressum\/","og_site_name":"Vita Empfehlung","article_modified_time":"2026-04-14T08:30:24+00:00","twitter_card":"summary_large_image","twitter_misc":{"Gesch\u00e4tzte Lesezeit":"1\u00a0Minute"},"schema":{"@context":"https:\/\/schema.org","@graph":[{"@type":"WebPage","@id":"https:\/\/vitaempfehlung.de\/index.php\/impressum\/","url":"https:\/\/vitaempfehlung.de\/index.php\/impressum\/","name":"Impressum - Vita Empfehlung","isPartOf":{"@id":"https:\/\/vitaempfehlung.de\/#website"},"datePublished":"2026-04-14T08:28:46+00:00","dateModified":"2026-04-14T08:30:24+00:00","breadcrumb":{"@id":"https:\/\/vitaempfehlung.de\/index.php\/impressum\/#breadcrumb"},"inLanguage":"de","potentialAction":[{"@type":"ReadAction","target":["https:\/\/vitaempfehlung.de\/index.php\/impressum\/"]}]},{"@type":"BreadcrumbList","@id":"https:\/\/vitaempfehlung.de\/index.php\/impressum\/#breadcrumb","itemListElement":[{"@type":"ListItem","position":1,"name":"Home","item":"https:\/\/vitaempfehlung.de\/"},{"@type":"ListItem","position":2,"name":"Impressum"}]},{"@type":"WebSite","@id":"https:\/\/vitaempfehlung.de\/#website","url":"https:\/\/vitaempfehlung.de\/","name":"Vita Empfehlung","description":"","potentialAction":[{"@type":"SearchAction","target":{"@type":"EntryPoint","urlTemplate":"https:\/\/vitaempfehlung.de\/?s={search_term_string}"},"query-input":{"@type":"PropertyValueSpecification","valueRequired":true,"valueName":"search_term_string"}}],"inLanguage":"de"}]}},"_links":{"self":[{"href":"https:\/\/vitaempfehlung.de\/index.php\/wp-json\/wp\/v2\/pages\/15","targetHints":{"allow":["GET"]}}],"collection":[{"href":"https:\/\/vitaempfehlung.de\/index.php\/wp-json\/wp\/v2\/pages"}],"about":[{"href":"https:\/\/vitaempfehlung.de\/index.php\/wp-json\/wp\/v2\/types\/page"}],"author":[{"embeddable":true,"href":"https:\/\/vitaempfehlung.de\/index.php\/wp-json\/wp\/v2\/users\/1"}],"replies":[{"embeddable":true,"href":"https:\/\/vitaempfehlung.de\/index.php\/wp-json\/wp\/v2\/comments?post=15"}],"version-history":[{"count":2,"href":"https:\/\/vitaempfehlung.de\/index.php\/wp-json\/wp\/v2\/pages\/15\/revisions"}],"predecessor-version":[{"id":19,"href":"https:\/\/vitaempfehlung.de\/index.php\/wp-json\/wp\/v2\/pages\/15\/revisions\/19"}],"wp:attachment":[{"href":"https:\/\/vitaempfehlung.de\/index.php\/wp-json\/wp\/v2\/media?parent=15"}],"curies":[{"name":"wp","href":"https:\/\/api.w.org\/{rel}","templated":true}]}}